{"id":1295,"date":"2019-04-29T15:10:39","date_gmt":"2019-04-29T15:10:39","guid":{"rendered":"https:\/\/goodyjeans.com\/home\/?post_type=product&#038;p=1295"},"modified":"2019-04-29T15:12:49","modified_gmt":"2019-04-29T15:12:49","slug":"pantalon-en-drill-para-nino-licrado-verde-hojaseca","status":"publish","type":"product","link":"https:\/\/goodyjeans.com\/home\/producto\/pantalon-en-drill-para-nino-licrado-verde-hojaseca\/","title":{"rendered":"PANTAL\u00d3N EN DRILL PARA NI\u00d1O &#8211; LICRADO VERDE HOJASECA"},"content":{"rendered":"<p><strong>Pantal\u00f3n en Drill Para Ni\u00f1o Licrado<\/strong><br \/>\n<strong>Color:<\/strong> Verde Hoja seca<br \/>\n<strong>Material:<\/strong> Drill<br \/>\n<strong>Origen:<\/strong> Colombiano<\/p>\n","protected":false},"excerpt":{"rendered":"<p><strong>Pantal\u00f3n en Drill Para Ni\u00f1o Licrado<\/strong><br \/>\n<strong>Color:<\/strong> Verde Hoja seca<br \/>\n<strong>Material:<\/strong> Drill<br \/>\n<strong>Origen:<\/strong> Colombiano<\/p>\n","protected":false},"featured_media":1302,"comment_status":"open","ping_status":"closed","template":"","meta":{"_et_pb_use_builder":"","_et_pb_old_content":"","_et_gb_content_width":""},"product_brand":[],"product_cat":[49,47],"product_tag":[],"class_list":{"0":"post-1295","1":"product","2":"type-product","3":"status-publish","4":"has-post-thumbnail","6":"product_cat-pantalones-en-drill-nino","7":"product_cat-nino","9":"first","10":"instock","11":"sale","12":"shipping-taxable","13":"purchasable","14":"product-type-variable"},"jetpack_sharing_enabled":true,"_links":{"self":[{"href":"https:\/\/goodyjeans.com\/home\/wp-json\/wp\/v2\/product\/1295","targetHints":{"allow":["GET"]}}],"collection":[{"href":"https:\/\/goodyjeans.com\/home\/wp-json\/wp\/v2\/product"}],"about":[{"href":"https:\/\/goodyjeans.com\/home\/wp-json\/wp\/v2\/types\/product"}],"replies":[{"embeddable":true,"href":"https:\/\/goodyjeans.com\/home\/wp-json\/wp\/v2\/comments?post=1295"}],"wp:featuredmedia":[{"embeddable":true,"href":"https:\/\/goodyjeans.com\/home\/wp-json\/wp\/v2\/media\/1302"}],"wp:attachment":[{"href":"https:\/\/goodyjeans.com\/home\/wp-json\/wp\/v2\/media?parent=1295"}],"wp:term":[{"taxonomy":"product_brand","embeddable":true,"href":"https:\/\/goodyjeans.com\/home\/wp-json\/wp\/v2\/product_brand?post=1295"},{"taxonomy":"product_cat","embeddable":true,"href":"https:\/\/goodyjeans.com\/home\/wp-json\/wp\/v2\/product_cat?post=1295"},{"taxonomy":"product_tag","embeddable":true,"href":"https:\/\/goodyjeans.com\/home\/wp-json\/wp\/v2\/product_tag?post=1295"}],"curies":[{"name":"wp","href":"https:\/\/api.w.org\/{rel}","templated":true}]}}